{"id":2,"date":"2008-12-10T20:07:08","date_gmt":"2008-12-11T03:07:08","guid":{"rendered":"http:\/\/www.ricchezzavera.com\/blog\/?page_id=2"},"modified":"2021-03-10T07:34:18","modified_gmt":"2021-03-10T06:34:18","slug":"ebook_ricchezza","status":"publish","type":"page","link":"https:\/\/www.ricchezzavera.com\/blog\/ebook_ricchezza\/","title":{"rendered":"Nuovo? Inizia Qui."},"content":{"rendered":"<p><img loading=\"lazy\" decoding=\"async\" class=\"size-full wp-image-4188 alignleft\" title=\"jose-scafarelli\" alt=\"Jos\u00e8 Scafarelli\" src=\"https:\/\/www.ricchezzavera.com\/blog\/wp-content\/uploads\/2008\/12\/jose-scafarelli.jpg\" width=\"204\" height=\"306\" \/>Benvenuto! \ud83d\ude42<\/p>\n<p>Il mio nome \u00e8 <strong>Jos\u00e8<\/strong> e puoi leggere qualcosa su di me nella mia breve autobiografia nella sezione denominata &#8220;<a title=\"chi siamo\" href=\"https:\/\/www.ricchezzavera.com\/blog\/il-team-di-ricchezza-vera\/\" target=\"_blank\" rel=\"noopener noreferrer\">chi siamo<\/a>&#8220;.<\/p>\n<p><strong>Il Blog di RicchezzaVera.com<\/strong> \u00e8 un blog di supporto a <strong><a title=\"ricchezza vera\" href=\"http:\/\/www.ricchezzavera.com\/\" target=\"_blank\" rel=\"noopener noreferrer\">RicchezzaVera.com<\/a><\/strong>, sito dal quale \u00e8 possibile scaricare GRATUITAMENTE il Percorso completo verso la Ricchezza Vera.<\/p>\n<h1 style=\"text-align: center;\">IL PERCORSO<\/h1>\n<p><strong>Il Primo ed Unico Percorso completo verso la Ricchezza Vera<\/strong> fu pubblicato online per la prima volta nel 2007, ma le sue radici risalgono al lontano 2002, quando cio\u00e8, a seguito della mia laurea in giurisprudenza, intrapresi il mio cammino spirituale &#8211; che poi \u00e8 proprio quello che riassumo negli ebook.<\/p>\n<p>Tra il 2002 ed il 2007, senza immaginare neppure che un giorno avrei saputo costruire un sito, incominciai a riportare in questo &#8220;libro&#8221; tutta la raccolta di studi che stavo facendo.<\/p>\n<p><img loading=\"lazy\" decoding=\"async\" class=\"size-medium wp-image-43 alignleft\" title=\"Ebook Primo Passo Verso la Ricchezza Vera\" alt=\"Ebook Primo Passo Verso la Ricchezza Vera\" src=\"http:\/\/www.ricchezzavera.com\/immagini\/1ebookCoverRed.JPG\" width=\"129\" height=\"159\" \/><\/p>\n<p>Scrivevo molto saltuariamente &#8211; soprattutto perch\u00e9 non c&#8217;era uno scopo preciso per cui lo facevo &#8211; e infatti dopo 5 anni avevo scritto quelli che poi sono diventati <strong>il Primo e il Secondo Passo<\/strong> (puoi leggere i commenti dei lettori a tutti i Passi <a href=\"https:\/\/www.ricchezzavera.com\/blog\/commenti-agli-ebook\/\" target=\"_blank\" rel=\"noopener noreferrer\">cliccando qui<\/a>) del Percorso, oltre ad una terza parte &#8211; in cui svelavo l&#8217;essenza della Realt\u00e0 &#8211; che ancora non ho pubblicato (probabilmente la inserir\u00f2 nel 6\u00b0 Passo).<img loading=\"lazy\" decoding=\"async\" class=\"alignright size-thumbnail wp-image-44\" title=\"Ebook Secondo Passo verso la Ricchezza Vera\" alt=\"Ebook Secondo Passo verso la Ricchezza Vera\" src=\"http:\/\/www.ricchezzavera.com\/immagini\/2ebookCoverOrange.JPG\" width=\"203\" height=\"248\" \/><\/p>\n<p>Nel dicembre 2007 nasce RicchezzaVera.com e quell&#8217;inizio di libro che avevo scritto divennero il Primo ed il Secondo Passo, ai quali, dopo pochi mesi, si aggiunse il Terzo.<\/p>\n<p><img loading=\"lazy\" decoding=\"async\" class=\"alignleft size-thumbnail wp-image-45\" title=\"Ebook Terzo Passo Verso la Ricchezza Vera\" alt=\"Ebook Terzo Passo Verso la Ricchezza Vera\" src=\"http:\/\/www.ricchezzavera.com\/immagini\/3ebookCoverYellow.JPG\" width=\"163\" height=\"201\" \/><strong>Il Terzo Passo<\/strong> (per i commenti, <a href=\"https:\/\/www.ricchezzavera.com\/blog\/commenti-ebook-ricchezza-3\/\" target=\"_blank\" rel=\"noopener noreferrer\">clicca qui<\/a>) \u00e8 gi\u00e0 scritto da una persona molto diversa da quella che scrisse i primi due e questo cambiamento energetico \u00e8 percepibile immediatamente.<\/p>\n<p>Ma il Terzo Passo doveva essere diverso.<\/p>\n<p>Nella mia testa doveva essere quello in cui aprivo e chiudevo il discorso sulla <strong>manipolazione e la disinformazione<\/strong>, ma &#8211; mentre scrivevo &#8211; mi resi conto che non era facile riassumere in poche pagine migliaia di anni di storia, e infatti, mi ci vollero 2 ebook e oltre 7 mesi di lavori per esaurire l&#8217;argomento.<\/p>\n<p>Sto ovviamente parlando del <strong>4\u00b0 Passo<\/strong> (per leggere i commenti <a href=\"https:\/\/www.ricchezzavera.com\/blog\/commenti-ebook-ricchezza-4\/\" target=\"_blank\" rel=\"noopener noreferrer\">clicca qui<\/a>), quello che secondo molti \u00e8 il migliore: personalmente continuo a preferire il terzo, ma de gustibus&#8230;<img loading=\"lazy\" decoding=\"async\" class=\"alignright  wp-image-46\" title=\"Ebook Quarto Passo verso la Ricchezza Vera\" alt=\"\" src=\"http:\/\/www.ricchezzavera.com\/immagini\/4ebookCoverGreen.JPG\" width=\"172\" height=\"210\" \/><\/p>\n<p>Nel 4\u00b0 Passo si inizia a far chiarezza su tutto il percorso, e vengono fornite un mucchio di risposte a domande che per molti erano semplicemente un mistero.<\/p>\n<p>Al Quarto faranno seguito a breve un 5\u00b0 ed un 6\u00b0 Passo in cui sveler\u00f2 finalmente la soluzione alla manipolazione globale, e la soluzione ai problemi della vita quotidiana di ognuno &#8211; ebbene si, c&#8217;\u00e8 una soluzione! \ud83d\ude42 &#8211; ma soprattutto, nel 5\u00b0 e nel 6\u00b0 Passo sveler\u00f2 alcune chiavi fondamentali per <strong>il risveglio definitivo della Coscienza<\/strong>, cosa per me essenziale per lo <strong>sviluppo delle facolt\u00e0 creative<\/strong> che ci consentono di <strong>attrarre Ricchezza<\/strong> (che, non ce lo dimentichiamo mai, \u00e8 lo scopo di tutto il Percorso! \ud83d\ude42 ).<\/p>\n<p><img loading=\"lazy\" decoding=\"async\" class=\"alignleft  wp-image-48\" title=\"audio per la purificazione del campo aurico\" alt=\"\" src=\"http:\/\/www.ricchezzavera.com\/immagini\/audiopurcampoaurico.JPG\" width=\"239\" height=\"210\" \/>Vista la delicatezza degli argomenti del 4\u00b0 Passo, si fece necessaria la creazione di <strong>un audio per la purificazione del campo aurico, il cui testo fu canalizzato direttamente da un Angelo<\/strong> e la cui realizzazione fu ad opera mia e di altre tre persone speciali che ringrazio all&#8217;inizio del 4\u00b0ebook.<\/p>\n<p><span style=\"color: #ff0000;\"><strong>AGGIORNAMENTO:<\/strong><\/span> anche il <strong>5\u00b0 Passo<\/strong> \u00e8 terminato! Per leggere l&#8217;indice degli argomenti trattati e i commenti dei lettori, <a title=\"ebook ricchezza\" href=\"https:\/\/www.ricchezzavera.com\/blog\/commenti-agli-ebook\/commenti-ebook-ricchezza-5\/\" target=\"_blank\" rel=\"noopener noreferrer\"><strong>clicca qui<\/strong><\/a>.<\/p>\n<p>Il 5\u00b0 Passo \u00e8 stato un successo travolgente, se dai un&#8217;occhiata ai commenti, leggerai di persone super-entusiaste che dicono cose su questo ebook che non si sono mai sentite per nessun altro libro (giuro&#8230; vai a leggere se non sei convinto!). \ud83d\ude42<img loading=\"lazy\" decoding=\"async\" class=\"alignright size-full wp-image-4189\" title=\"quinto passo verso la ricchezza vera\" alt=\"quinto passo verso la ricchezza vera\" src=\"https:\/\/www.ricchezzavera.com\/blog\/wp-content\/uploads\/2008\/12\/quinto-passo.jpg\" width=\"245\" height=\"300\" \/><\/p>\n<p>Ma col tempo mi sono reso conto che scrivere ebook richiede troppo tempo e non potevo permettere che passasse tanto tempo tra un ebook e l&#8217;altro, mentre qui siamo nel 2012 e le anime pronte per il risveglio sono sempre di pi\u00f9.<\/p>\n<p>Pertanto &#8211; in attesa degli ebook finali, il 6\u00b0 e il 7\u00b0 &#8211; abbiamo deciso di portare in aula il messaggio di Ricchezza Vera con un tour di <strong>6 Appuntamenti Trasformativi<\/strong> <strong>dal vivo<\/strong> con tanto di <strong>Riprogrammazioni Energetiche con la Tecnica del Punto Zero<\/strong> di Ana Maria Ghinet:<\/p>\n<ol>\n<li><strong>Da Bambino Interiore Ferito a Responsabile dei Soldi<\/strong><\/li>\n<li>Dal Senso di Colpa al Senso di Meritevolezza<br \/> <strong><\/strong><\/li>\n<li><strong>Riprogrammazione Familiare per la Ricchezza<\/strong><\/li>\n<li>Risveglia l&#8217;Emisfero Femminile della Ricchezza<br \/> <strong><\/strong><\/li>\n<li><strong>Crea Ricchezza in sintonia con l&#8217;Anima<\/strong><\/li>\n<li>Attiva la Divinit\u00e0 della Ricchezza<\/li>\n<\/ol>\n<p><img loading=\"lazy\" decoding=\"async\" class=\"alignleft size-full wp-image-4190\" title=\"Video-Il-Processo-Energetico-di-Materializzazione-della-Ricchezza\" alt=\"Il Processo di Materializzazione della Ricchezza\" src=\"https:\/\/www.ricchezzavera.com\/blog\/wp-content\/uploads\/2008\/12\/Video-Il-Processo-Energetico-di-Materializzazione-della-Ricchezza.jpg\" width=\"240\" height=\"186\" \/>Questi appuntamenti sono troppo importanti per poter essere vissuti solo dai partecipanti dal vivo, pertanto abbiamo deciso di rendere disponibile le registrazioni video: stiamo gi\u00e0 lavorando per metterle a disposizione di tutti.<\/p>\n<p>Un&#8217;altro <strong>omaggio importante<\/strong> che va ad integrare il Percorso di Crescita Interiore verso la Ricchezza Vera, \u00e8 la serie di 3 VIDEO: <a title=\"Il Processo di Materializzazione della Ricchezza\" href=\"https:\/\/www.ricchezzavera.com\/materializzazione\/\" target=\"_blank\" rel=\"noopener noreferrer\"><strong>Il Processo di Materializzazione della Ricchezza<\/strong><\/a>, girati insieme ad Ana Maria Ghinet, ideatrice del <strong>Coaching Energetico<\/strong>.<\/p>\n<p>Ti suggerisco vivamente di guardarli quanto prima!<\/p>\n<p>\ud83d\ude09<\/p>\n<h1 style=\"text-align: center;\"><strong>IL BLOG<\/strong><\/h1>\n<p>Questo Blog che stai leggendo \u00e8 l&#8217;evoluzione della prima gloriosa versione che \u00e8 rimasta online e dove puoi trovare una miriade di vecchi interessanti post scritti da tutto il <strong>Team di Ricchezza Vera<\/strong>.<\/p>\n<p>Se desideri vedere il vecchio blog, ti basta <a title=\"il vecchio blog di ricchezza vera\" href=\"http:\/\/ricchezzavera.blogspot.com\/\" target=\"_self\" rel=\"noopener noreferrer\">cliccare qui<\/a>, mentre se desideri leggere soltanto la selezione dei migliori post, ti basta andare nella categoria <a href=\"https:\/\/www.ricchezzavera.com\/blog\/category\/top-post-i-migliori-post-sulla-ricchezza\/\" target=\"_blank\" rel=\"noopener noreferrer\"><strong>TOP POST<\/strong><\/a> (Potrebbe essere una buona idea leggere i Top Post nell&#8217;attesa tra un Passo e l&#8217;altro! \ud83d\ude09 ).<\/p>\n","protected":false},"excerpt":{"rendered":"<p>Benvenuto! \ud83d\ude42 Il mio nome \u00e8 Jos\u00e8 e puoi leggere qualcosa su di me nella mia breve autobiografia nella sezione denominata &#8220;chi siamo&#8220;. Il Blog di RicchezzaVera.com \u00e8 un blog di supporto a RicchezzaVera.com, sito dal quale \u00e8 possibile scaricare GRATUITAMENTE il Percorso completo verso la Ricchezza Vera. IL PERCORSO Il Primo ed Unico Percorso [&hellip;]<\/p>\n","protected":false},"author":2,"featured_media":4899,"parent":0,"menu_order":0,"comment_status":"open","ping_status":"closed","template":"","meta":{"footnotes":""},"class_list":["post-2","page","type-page","status-publish","has-post-thumbnail","hentry","post-wrapper","thrv_wrapper"],"yoast_head":"<!-- This site is optimized with the Yoast SEO plugin v27.3 - https:\/\/yoast.com\/product\/yoast-seo-wordpress\/ -->\n<title>Nuovo? Inizia Qui. - Ricchezza Vera<\/title>\n<meta name=\"robots\" content=\"index, follow, max-snippet:-1, max-image-preview:large, max-video-preview:-1\" \/>\n<link rel=\"canonical\" href=\"https:\/\/www.ricchezzavera.com\/blog\/ebook_ricchezza\/\" \/>\n<meta property=\"og:locale\" content=\"it_IT\" \/>\n<meta property=\"og:type\" content=\"article\" \/>\n<meta property=\"og:title\" content=\"Nuovo? Inizia Qui. - Ricchezza Vera\" \/>\n<meta property=\"og:description\" content=\"Benvenuto! \ud83d\ude42 Il mio nome \u00e8 Jos\u00e8 e puoi leggere qualcosa su di me nella mia breve autobiografia nella sezione denominata &#8220;chi siamo&#8220;. Il Blog di RicchezzaVera.com \u00e8 un blog di supporto a RicchezzaVera.com, sito dal quale \u00e8 possibile scaricare GRATUITAMENTE il Percorso completo verso la Ricchezza Vera. IL PERCORSO Il Primo ed Unico Percorso [&hellip;]\" \/>\n<meta property=\"og:url\" content=\"https:\/\/www.ricchezzavera.com\/blog\/ebook_ricchezza\/\" \/>\n<meta property=\"og:site_name\" content=\"Ricchezza Vera\" \/>\n<meta property=\"article:publisher\" content=\"https:\/\/www.facebook.com\/ricchezzavera.fanpage\" \/>\n<meta property=\"article:modified_time\" content=\"2021-03-10T06:34:18+00:00\" \/>\n<meta property=\"og:image\" content=\"https:\/\/www.ricchezzavera.com\/blog\/wp-content\/uploads\/2012\/08\/5ebook-ricchezza.png\" \/>\n\t<meta property=\"og:image:width\" content=\"255\" \/>\n\t<meta property=\"og:image:height\" content=\"245\" \/>\n\t<meta property=\"og:image:type\" content=\"image\/png\" \/>\n<meta name=\"twitter:card\" content=\"summary_large_image\" \/>\n<meta name=\"twitter:site\" content=\"@ricchezzavera\" \/>\n<meta name=\"twitter:label1\" content=\"Tempo di lettura stimato\" \/>\n\t<meta name=\"twitter:data1\" content=\"4 minuti\" \/>\n<script type=\"application\/ld+json\" class=\"yoast-schema-graph\">{\"@context\":\"https:\\\/\\\/schema.org\",\"@graph\":[{\"@type\":\"WebPage\",\"@id\":\"https:\\\/\\\/www.ricchezzavera.com\\\/blog\\\/ebook_ricchezza\\\/\",\"url\":\"https:\\\/\\\/www.ricchezzavera.com\\\/blog\\\/ebook_ricchezza\\\/\",\"name\":\"Nuovo? Inizia Qui. - Ricchezza Vera\",\"isPartOf\":{\"@id\":\"https:\\\/\\\/www.ricchezzavera.com\\\/blog\\\/#website\"},\"primaryImageOfPage\":{\"@id\":\"https:\\\/\\\/www.ricchezzavera.com\\\/blog\\\/ebook_ricchezza\\\/#primaryimage\"},\"image\":{\"@id\":\"https:\\\/\\\/www.ricchezzavera.com\\\/blog\\\/ebook_ricchezza\\\/#primaryimage\"},\"thumbnailUrl\":\"https:\\\/\\\/www.ricchezzavera.com\\\/blog\\\/wp-content\\\/uploads\\\/2012\\\/08\\\/5ebook-ricchezza.png\",\"datePublished\":\"2008-12-11T03:07:08+00:00\",\"dateModified\":\"2021-03-10T06:34:18+00:00\",\"inLanguage\":\"it-IT\",\"potentialAction\":[{\"@type\":\"ReadAction\",\"target\":[\"https:\\\/\\\/www.ricchezzavera.com\\\/blog\\\/ebook_ricchezza\\\/\"]}]},{\"@type\":\"ImageObject\",\"inLanguage\":\"it-IT\",\"@id\":\"https:\\\/\\\/www.ricchezzavera.com\\\/blog\\\/ebook_ricchezza\\\/#primaryimage\",\"url\":\"https:\\\/\\\/www.ricchezzavera.com\\\/blog\\\/wp-content\\\/uploads\\\/2012\\\/08\\\/5ebook-ricchezza.png\",\"contentUrl\":\"https:\\\/\\\/www.ricchezzavera.com\\\/blog\\\/wp-content\\\/uploads\\\/2012\\\/08\\\/5ebook-ricchezza.png\",\"width\":255,\"height\":245,\"caption\":\"ebook-ricchezza\"},{\"@type\":\"WebSite\",\"@id\":\"https:\\\/\\\/www.ricchezzavera.com\\\/blog\\\/#website\",\"url\":\"https:\\\/\\\/www.ricchezzavera.com\\\/blog\\\/\",\"name\":\"Ricchezza Vera\",\"description\":\"Il Tuo Percorso di Evoluzione Energetica per la Creazione Consapevole\",\"publisher\":{\"@id\":\"https:\\\/\\\/www.ricchezzavera.com\\\/blog\\\/#organization\"},\"potentialAction\":[{\"@type\":\"SearchAction\",\"target\":{\"@type\":\"EntryPoint\",\"urlTemplate\":\"https:\\\/\\\/www.ricchezzavera.com\\\/blog\\\/?s={search_term_string}\"},\"query-input\":{\"@type\":\"PropertyValueSpecification\",\"valueRequired\":true,\"valueName\":\"search_term_string\"}}],\"inLanguage\":\"it-IT\"},{\"@type\":\"Organization\",\"@id\":\"https:\\\/\\\/www.ricchezzavera.com\\\/blog\\\/#organization\",\"name\":\"Merlin Temple SHPK\",\"url\":\"https:\\\/\\\/www.ricchezzavera.com\\\/blog\\\/\",\"logo\":{\"@type\":\"ImageObject\",\"inLanguage\":\"it-IT\",\"@id\":\"https:\\\/\\\/www.ricchezzavera.com\\\/blog\\\/#\\\/schema\\\/logo\\\/image\\\/\",\"url\":\"https:\\\/\\\/www.ricchezzavera.com\\\/blog\\\/wp-content\\\/uploads\\\/2023\\\/08\\\/LOGO-Merlin-Temple.jpg\",\"contentUrl\":\"https:\\\/\\\/www.ricchezzavera.com\\\/blog\\\/wp-content\\\/uploads\\\/2023\\\/08\\\/LOGO-Merlin-Temple.jpg\",\"width\":323,\"height\":326,\"caption\":\"Merlin Temple SHPK\"},\"image\":{\"@id\":\"https:\\\/\\\/www.ricchezzavera.com\\\/blog\\\/#\\\/schema\\\/logo\\\/image\\\/\"},\"sameAs\":[\"https:\\\/\\\/www.facebook.com\\\/ricchezzavera.fanpage\",\"https:\\\/\\\/x.com\\\/ricchezzavera\",\"https:\\\/\\\/it.linkedin.com\\\/in\\\/ricchezzavera\\\/\",\"https:\\\/\\\/www.instagram.com\\\/ricchezzavera\\\/\",\"https:\\\/\\\/www.pinterest.com\\\/ricchezzavera\\\/\",\"https:\\\/\\\/www.youtube.com\\\/@RicchezzaVeraChannel\"]}]}<\/script>\n<!-- \/ Yoast SEO plugin. -->","yoast_head_json":{"title":"Nuovo? Inizia Qui. - Ricchezza Vera","robots":{"index":"index","follow":"follow","max-snippet":"max-snippet:-1","max-image-preview":"max-image-preview:large","max-video-preview":"max-video-preview:-1"},"canonical":"https:\/\/www.ricchezzavera.com\/blog\/ebook_ricchezza\/","og_locale":"it_IT","og_type":"article","og_title":"Nuovo? Inizia Qui. - Ricchezza Vera","og_description":"Benvenuto! \ud83d\ude42 Il mio nome \u00e8 Jos\u00e8 e puoi leggere qualcosa su di me nella mia breve autobiografia nella sezione denominata &#8220;chi siamo&#8220;. Il Blog di RicchezzaVera.com \u00e8 un blog di supporto a RicchezzaVera.com, sito dal quale \u00e8 possibile scaricare GRATUITAMENTE il Percorso completo verso la Ricchezza Vera. IL PERCORSO Il Primo ed Unico Percorso [&hellip;]","og_url":"https:\/\/www.ricchezzavera.com\/blog\/ebook_ricchezza\/","og_site_name":"Ricchezza Vera","article_publisher":"https:\/\/www.facebook.com\/ricchezzavera.fanpage","article_modified_time":"2021-03-10T06:34:18+00:00","og_image":[{"width":255,"height":245,"url":"https:\/\/www.ricchezzavera.com\/blog\/wp-content\/uploads\/2012\/08\/5ebook-ricchezza.png","type":"image\/png"}],"twitter_card":"summary_large_image","twitter_site":"@ricchezzavera","twitter_misc":{"Tempo di lettura stimato":"4 minuti"},"schema":{"@context":"https:\/\/schema.org","@graph":[{"@type":"WebPage","@id":"https:\/\/www.ricchezzavera.com\/blog\/ebook_ricchezza\/","url":"https:\/\/www.ricchezzavera.com\/blog\/ebook_ricchezza\/","name":"Nuovo? Inizia Qui. - Ricchezza Vera","isPartOf":{"@id":"https:\/\/www.ricchezzavera.com\/blog\/#website"},"primaryImageOfPage":{"@id":"https:\/\/www.ricchezzavera.com\/blog\/ebook_ricchezza\/#primaryimage"},"image":{"@id":"https:\/\/www.ricchezzavera.com\/blog\/ebook_ricchezza\/#primaryimage"},"thumbnailUrl":"https:\/\/www.ricchezzavera.com\/blog\/wp-content\/uploads\/2012\/08\/5ebook-ricchezza.png","datePublished":"2008-12-11T03:07:08+00:00","dateModified":"2021-03-10T06:34:18+00:00","inLanguage":"it-IT","potentialAction":[{"@type":"ReadAction","target":["https:\/\/www.ricchezzavera.com\/blog\/ebook_ricchezza\/"]}]},{"@type":"ImageObject","inLanguage":"it-IT","@id":"https:\/\/www.ricchezzavera.com\/blog\/ebook_ricchezza\/#primaryimage","url":"https:\/\/www.ricchezzavera.com\/blog\/wp-content\/uploads\/2012\/08\/5ebook-ricchezza.png","contentUrl":"https:\/\/www.ricchezzavera.com\/blog\/wp-content\/uploads\/2012\/08\/5ebook-ricchezza.png","width":255,"height":245,"caption":"ebook-ricchezza"},{"@type":"WebSite","@id":"https:\/\/www.ricchezzavera.com\/blog\/#website","url":"https:\/\/www.ricchezzavera.com\/blog\/","name":"Ricchezza Vera","description":"Il Tuo Percorso di Evoluzione Energetica per la Creazione Consapevole","publisher":{"@id":"https:\/\/www.ricchezzavera.com\/blog\/#organization"},"potentialAction":[{"@type":"SearchAction","target":{"@type":"EntryPoint","urlTemplate":"https:\/\/www.ricchezzavera.com\/blog\/?s={search_term_string}"},"query-input":{"@type":"PropertyValueSpecification","valueRequired":true,"valueName":"search_term_string"}}],"inLanguage":"it-IT"},{"@type":"Organization","@id":"https:\/\/www.ricchezzavera.com\/blog\/#organization","name":"Merlin Temple SHPK","url":"https:\/\/www.ricchezzavera.com\/blog\/","logo":{"@type":"ImageObject","inLanguage":"it-IT","@id":"https:\/\/www.ricchezzavera.com\/blog\/#\/schema\/logo\/image\/","url":"https:\/\/www.ricchezzavera.com\/blog\/wp-content\/uploads\/2023\/08\/LOGO-Merlin-Temple.jpg","contentUrl":"https:\/\/www.ricchezzavera.com\/blog\/wp-content\/uploads\/2023\/08\/LOGO-Merlin-Temple.jpg","width":323,"height":326,"caption":"Merlin Temple SHPK"},"image":{"@id":"https:\/\/www.ricchezzavera.com\/blog\/#\/schema\/logo\/image\/"},"sameAs":["https:\/\/www.facebook.com\/ricchezzavera.fanpage","https:\/\/x.com\/ricchezzavera","https:\/\/it.linkedin.com\/in\/ricchezzavera\/","https:\/\/www.instagram.com\/ricchezzavera\/","https:\/\/www.pinterest.com\/ricchezzavera\/","https:\/\/www.youtube.com\/@RicchezzaVeraChannel"]}]}},"_links":{"self":[{"href":"https:\/\/www.ricchezzavera.com\/blog\/wp-json\/wp\/v2\/pages\/2","targetHints":{"allow":["GET"]}}],"collection":[{"href":"https:\/\/www.ricchezzavera.com\/blog\/wp-json\/wp\/v2\/pages"}],"about":[{"href":"https:\/\/www.ricchezzavera.com\/blog\/wp-json\/wp\/v2\/types\/page"}],"author":[{"embeddable":true,"href":"https:\/\/www.ricchezzavera.com\/blog\/wp-json\/wp\/v2\/users\/2"}],"replies":[{"embeddable":true,"href":"https:\/\/www.ricchezzavera.com\/blog\/wp-json\/wp\/v2\/comments?post=2"}],"version-history":[{"count":0,"href":"https:\/\/www.ricchezzavera.com\/blog\/wp-json\/wp\/v2\/pages\/2\/revisions"}],"wp:featuredmedia":[{"embeddable":true,"href":"https:\/\/www.ricchezzavera.com\/blog\/wp-json\/wp\/v2\/media\/4899"}],"wp:attachment":[{"href":"https:\/\/www.ricchezzavera.com\/blog\/wp-json\/wp\/v2\/media?parent=2"}],"curies":[{"name":"wp","href":"https:\/\/api.w.org\/{rel}","templated":true}]}}